{"id":1023,"date":"2024-10-21T11:19:09","date_gmt":"2024-10-21T09:19:09","guid":{"rendered":"https:\/\/zis-sachenauston.de\/?page_id=1023"},"modified":"2024-10-21T13:14:32","modified_gmt":"2024-10-21T11:14:32","slug":"agbs","status":"publish","type":"page","link":"https:\/\/zis-sachenauston.de\/?page_id=1023","title":{"rendered":"AGBs"},"content":{"rendered":"\t\t<div data-elementor-type=\"wp-page\" data-elementor-id=\"1023\" class=\"elementor elementor-1023\" data-elementor-post-type=\"page\">\n\t\t\t\t\t\t<section class=\"elementor-section elementor-top-section elementor-element elementor-element-85fcc59 elementor-section-boxed elementor-section-height-default elementor-section-height-default\" data-id=\"85fcc59\" data-element_type=\"section\" data-e-type=\"section\">\n\t\t\t\t\t\t<div class=\"elementor-container elementor-column-gap-default\">\n\t\t\t\t\t<div class=\"elementor-column elementor-col-100 elementor-top-column elementor-element elementor-element-e49981d\" data-id=\"e49981d\" data-element_type=\"column\" data-e-type=\"column\">\n\t\t\t<div class=\"elementor-widget-wrap elementor-element-populated\">\n\t\t\t\t\t\t<div class=\"elementor-element elementor-element-c849828 elementor-nav-menu--dropdown-tablet elementor-nav-menu__text-align-aside elementor-nav-menu--toggle elementor-nav-menu--burger elementor-widget elementor-widget-nav-menu\" data-id=\"c849828\" data-element_type=\"widget\" data-e-type=\"widget\" data-settings=\"{&quot;layout&quot;:&quot;horizontal&quot;,&quot;submenu_icon&quot;:{&quot;value&quot;:&quot;&lt;i class=\\&quot;fas fa-caret-down\\&quot; aria-hidden=\\&quot;true\\&quot;&gt;&lt;\\\/i&gt;&quot;,&quot;library&quot;:&quot;fa-solid&quot;},&quot;toggle&quot;:&quot;burger&quot;}\" data-widget_type=\"nav-menu.default\">\n\t\t\t\t<div class=\"elementor-widget-container\">\n\t\t\t\t\t\t\t\t<nav aria-label=\"Men\u00fc\" class=\"elementor-nav-menu--main elementor-nav-menu__container elementor-nav-menu--layout-horizontal e--pointer-underline e--animation-fade\">\n\t\t\t\t<ul id=\"menu-1-c849828\" class=\"elementor-nav-menu\"><li class=\"menu-item menu-item-type-post_type menu-item-object-page menu-item-home menu-item-642\"><a href=\"https:\/\/zis-sachenauston.de\/\" class=\"elementor-item\">zis \u2013 sachen aus ton<\/a><\/li>\n<li class=\"menu-item menu-item-type-post_type menu-item-object-page menu-item-653\"><a href=\"https:\/\/zis-sachenauston.de\/?page_id=652\" class=\"elementor-item\">about<\/a><\/li>\n<li class=\"menu-item menu-item-type-post_type menu-item-object-page menu-item-647\"><a href=\"https:\/\/zis-sachenauston.de\/?page_id=646\" class=\"elementor-item\">Kurse<\/a><\/li>\n<li class=\"menu-item menu-item-type-post_type menu-item-object-page menu-item-658\"><a href=\"https:\/\/zis-sachenauston.de\/?page_id=655\" class=\"elementor-item\">Offene T\u00f6pferei<\/a><\/li>\n<li class=\"menu-item menu-item-type-post_type menu-item-object-page menu-item-650\"><a href=\"https:\/\/zis-sachenauston.de\/?page_id=649\" class=\"elementor-item\">shop<\/a><\/li>\n<li class=\"menu-item menu-item-type-custom menu-item-object-custom menu-item-664\"><a href=\"https:\/\/www.instagram.com\/zis_sachenauston\/\" class=\"elementor-item\" target=\"_blank\" rel=\"noopener\">Instagram<\/a><\/li>\n<\/ul>\t\t\t<\/nav>\n\t\t\t\t\t<div class=\"elementor-menu-toggle\" role=\"button\" tabindex=\"0\" aria-label=\"Men\u00fc Umschalter\" aria-expanded=\"false\">\n\t\t\t<i aria-hidden=\"true\" role=\"presentation\" class=\"elementor-menu-toggle__icon--open eicon-menu-bar\"><\/i><i aria-hidden=\"true\" role=\"presentation\" class=\"elementor-menu-toggle__icon--close eicon-close\"><\/i>\t\t<\/div>\n\t\t\t\t\t<nav class=\"elementor-nav-menu--dropdown elementor-nav-menu__container\" aria-hidden=\"true\">\n\t\t\t\t<ul id=\"menu-2-c849828\" class=\"elementor-nav-menu\"><li class=\"menu-item menu-item-type-post_type menu-item-object-page menu-item-home menu-item-642\"><a href=\"https:\/\/zis-sachenauston.de\/\" class=\"elementor-item\" tabindex=\"-1\">zis \u2013 sachen aus ton<\/a><\/li>\n<li class=\"menu-item menu-item-type-post_type menu-item-object-page menu-item-653\"><a href=\"https:\/\/zis-sachenauston.de\/?page_id=652\" class=\"elementor-item\" tabindex=\"-1\">about<\/a><\/li>\n<li class=\"menu-item menu-item-type-post_type menu-item-object-page menu-item-647\"><a href=\"https:\/\/zis-sachenauston.de\/?page_id=646\" class=\"elementor-item\" tabindex=\"-1\">Kurse<\/a><\/li>\n<li class=\"menu-item menu-item-type-post_type menu-item-object-page menu-item-658\"><a href=\"https:\/\/zis-sachenauston.de\/?page_id=655\" class=\"elementor-item\" tabindex=\"-1\">Offene T\u00f6pferei<\/a><\/li>\n<li class=\"menu-item menu-item-type-post_type menu-item-object-page menu-item-650\"><a href=\"https:\/\/zis-sachenauston.de\/?page_id=649\" class=\"elementor-item\" tabindex=\"-1\">shop<\/a><\/li>\n<li class=\"menu-item menu-item-type-custom menu-item-object-custom menu-item-664\"><a href=\"https:\/\/www.instagram.com\/zis_sachenauston\/\" class=\"elementor-item\" tabindex=\"-1\" target=\"_blank\" rel=\"noopener\">Instagram<\/a><\/li>\n<\/ul>\t\t\t<\/nav>\n\t\t\t\t\t\t<\/div>\n\t\t\t\t<\/div>\n\t\t\t\t\t<\/div>\n\t\t<\/div>\n\t\t\t\t\t<\/div>\n\t\t<\/section>\n\t\t\t\t<section class=\"elementor-section elementor-top-section elementor-element elementor-element-b9c5da5 elementor-section-boxed elementor-section-height-default elementor-section-height-default\" data-id=\"b9c5da5\" data-element_type=\"section\" data-e-type=\"section\">\n\t\t\t\t\t\t<div class=\"elementor-container elementor-column-gap-default\">\n\t\t\t\t\t<div class=\"elementor-column elementor-col-100 elementor-top-column elementor-element elementor-element-c11fc8b\" data-id=\"c11fc8b\" data-element_type=\"column\" data-e-type=\"column\">\n\t\t\t<div class=\"elementor-widget-wrap\">\n\t\t\t\t\t\t\t<\/div>\n\t\t<\/div>\n\t\t\t\t\t<\/div>\n\t\t<\/section>\n\t\t\t\t<section class=\"elementor-section elementor-top-section elementor-element elementor-element-2ccfd57 elementor-section-boxed elementor-section-height-default elementor-section-height-default\" data-id=\"2ccfd57\" data-element_type=\"section\" data-e-type=\"section\">\n\t\t\t\t\t\t<div class=\"elementor-container elementor-column-gap-default\">\n\t\t\t\t\t<div class=\"elementor-column elementor-col-100 elementor-top-column elementor-element elementor-element-6cd9c7e\" data-id=\"6cd9c7e\" data-element_type=\"column\" data-e-type=\"column\">\n\t\t\t<div class=\"elementor-widget-wrap elementor-element-populated\">\n\t\t\t\t\t\t<div class=\"elementor-element elementor-element-e44af92 elementor-widget elementor-widget-heading\" data-id=\"e44af92\" data-element_type=\"widget\" data-e-type=\"widget\" data-widget_type=\"heading.default\">\n\t\t\t\t<div class=\"elementor-widget-container\">\n\t\t\t\t\t<h2 class=\"elementor-heading-title elementor-size-default\">AGBs<\/h2>\t\t\t\t<\/div>\n\t\t\t\t<\/div>\n\t\t\t\t\t<\/div>\n\t\t<\/div>\n\t\t\t\t\t<\/div>\n\t\t<\/section>\n\t\t\t\t<section class=\"elementor-section elementor-top-section elementor-element elementor-element-dc949f7 elementor-section-boxed elementor-section-height-default elementor-section-height-default\" data-id=\"dc949f7\" data-element_type=\"section\" data-e-type=\"section\">\n\t\t\t\t\t\t<div class=\"elementor-container elementor-column-gap-default\">\n\t\t\t\t\t<div class=\"elementor-column elementor-col-100 elementor-top-column elementor-element elementor-element-e0c2d07\" data-id=\"e0c2d07\" data-element_type=\"column\" data-e-type=\"column\">\n\t\t\t<div class=\"elementor-widget-wrap elementor-element-populated\">\n\t\t\t\t\t\t<div class=\"elementor-element elementor-element-378beb5 elementor-widget elementor-widget-text-editor\" data-id=\"378beb5\" data-element_type=\"widget\" data-e-type=\"widget\" data-widget_type=\"text-editor.default\">\n\t\t\t\t<div class=\"elementor-widget-container\">\n\t\t\t\t\t\t\t\t\t<p class=\"p1\"><span style=\"text-decoration: underline;\">Anmeldung<\/span><\/p><p class=\"p1\">Anmeldungen erfolgen bitte schriftlich per E-Mail an <a href=\"mailto:hallo@zis-sachenauston.de\" target=\"_blank\" rel=\"noopener\">hallo@zis-sachenauston.de<\/a><\/p><p class=\"p1\">Darauf folgt eine Eingangsbest\u00e4tigung bzw. eine Information, falls der Kurs bereits ausgebucht ist oder nicht zustande kommt. Die Vergabe der Teilnehmerpl\u00e4tze erfolgt in der Reihenfolge der eintreffenden Anmeldungen.<\/p><p class=\"p1\">Zahlungsbedingungen: Die Kursgeb\u00fchr ist per \u00dcberweisung zu entrichten. Bitte beim Verwendungszweck Namen und Kurstitel angeben. Kann der Teilnehmer den Kurs oder einzelne Teile daraus nicht besuchen, besteht kein Anspruch auf R\u00fcckerstattung der Kursgeb\u00fchr.<\/p><p>Mit der Zahlung des Geldes werde die Allgemeinen Gesch\u00e4ftsbedingungen anerkannt.<\/p><p><span style=\"text-decoration: underline;\"><span style=\"font-size: 14px; color: var( --e-global-color-secondary ); text-decoration: underline;\">Materialkosten<\/span><\/span><\/p><p><span style=\"font-size: 14px; color: var( --e-global-color-secondary );\">Die Materialkosten sind nicht in der Kursgeb\u00fchr enthalten und werden beim Abholen der Keramiken bezahlt. Da jede*r unterschiedlich viel und unterschiedloch gro\u00dfe Objekte t\u00f6pfert, ist das so f\u00fcr alle fair.<\/span><\/p><p>Die Objekte der TeilnehmerInnen werden nach der etwa einw\u00f6chigen Trockenphase zwei Mal gebrannt (900\u00b0 und 1230\u00b0), dazwischen von mir glasiert. Bei diesem Prozess verlieren sie an Gewicht. Die fertig gestellten Keramiken werden anschlie\u00dfend gewogen und mit 12\u20ac\/kg abgerechnet.<\/p><p class=\"p1\"><span style=\"text-decoration: underline;\">Mindest-\/ H\u00f6chstteilnehmerzahl:<\/span> Es m\u00fcssen sich mindestens vier Personen anmelden. Die H\u00f6chstteilnehmerzahl ist aus den Kursbeschreibungen ersichtlich.<\/p><p class=\"p1\"><span style=\"text-decoration: underline;\">R\u00fccktritt durch Veranstalter:<\/span> Der Veranstalter kann bei mangelnder Beteiligung, Ausfall der Kursleiterin oder aus Gr\u00fcnden h\u00f6herer Gewalt einen Kurs streichen bzw. abbrechen. In diesen F\u00e4llen werden bereits gezahlte Geb\u00fchren in voller H\u00f6he bzw. bei abgebrochenen Kursen anteilig erstattet.<\/p><p class=\"p1\"><span style=\"text-decoration: underline;\">R\u00fccktritt durch Teilnehmer:<\/span> Ein R\u00fccktritt vom Kurs ist schriftlich mitzuteilen. Die Anmeldung kann bis zwei Wochen vor Kursbeginn kostenfrei widerrufen werden. Bei kurzfristigeren Absagen ist eine R\u00fcckerstattung der Kursgeb\u00fchr nur m\u00f6glich, wenn ein Teilnehmerersatz gefunden werden kann.<\/p><p class=\"p1\"><span style=\"text-decoration: underline;\">Haftung\/Versicherung:<\/span> Der Veranstalter \u00fcbernimmt f\u00fcr den Verlust oder die Besch\u00e4digung von Gegenst\u00e4nden oder Bekleidung keine Haftung. Auch w\u00e4hrend des Aufenthaltes in den Veranstaltungsr\u00e4umen sind die KursteilnehmerInnen nicht durch den Veranstalter unfallversichert.<\/p>\t\t\t\t\t\t\t\t<\/div>\n\t\t\t\t<\/div>\n\t\t\t\t\t<\/div>\n\t\t<\/div>\n\t\t\t\t\t<\/div>\n\t\t<\/section>\n\t\t\t\t<section class=\"elementor-section elementor-top-section elementor-element elementor-element-82a6159 elementor-section-boxed elementor-section-height-default elementor-section-height-default\" data-id=\"82a6159\" data-element_type=\"section\" data-e-type=\"section\">\n\t\t\t\t\t\t<div class=\"elementor-container elementor-column-gap-default\">\n\t\t\t\t\t<div class=\"elementor-column elementor-col-100 elementor-top-column elementor-element elementor-element-ae6cd43\" data-id=\"ae6cd43\" data-element_type=\"column\" data-e-type=\"column\">\n\t\t\t<div class=\"elementor-widget-wrap elementor-element-populated\">\n\t\t\t\t\t\t<div class=\"elementor-element elementor-element-fa27f67 elementor-widget elementor-widget-spacer\" data-id=\"fa27f67\" data-element_type=\"widget\" data-e-type=\"widget\" data-widget_type=\"spacer.default\">\n\t\t\t\t<div class=\"elementor-widget-container\">\n\t\t\t\t\t\t\t<div class=\"elementor-spacer\">\n\t\t\t<div class=\"elementor-spacer-inner\"><\/div>\n\t\t<\/div>\n\t\t\t\t\t\t<\/div>\n\t\t\t\t<\/div>\n\t\t\t\t\t<\/div>\n\t\t<\/div>\n\t\t\t\t\t<\/div>\n\t\t<\/section>\n\t\t\t\t<\/div>\n\t\t","protected":false},"excerpt":{"rendered":"<p>AGBs Anmeldung Anmeldungen erfolgen bitte schriftlich per E-Mail an hallo@zis-sachenauston.de Darauf folgt eine Eingangsbest\u00e4tigung bzw. eine Information, falls der Kurs bereits ausgebucht ist oder nicht zustande kommt. Die Vergabe der Teilnehmerpl\u00e4tze erfolgt in der Reihenfolge der eintreffenden Anmeldungen. Zahlungsbedingungen: Die Kursgeb\u00fchr ist per \u00dcberweisung zu entrichten. Bitte beim Verwendungszweck Namen und Kurstitel angeben. Kann der [&hellip;]<\/p>\n","protected":false},"author":1,"featured_media":0,"parent":0,"menu_order":0,"comment_status":"closed","ping_status":"closed","template":"elementor_theme","meta":{"footnotes":""},"class_list":["post-1023","page","type-page","status-publish","hentry","entry"],"_links":{"self":[{"href":"https:\/\/zis-sachenauston.de\/index.php?rest_route=\/wp\/v2\/pages\/1023","targetHints":{"allow":["GET"]}}],"collection":[{"href":"https:\/\/zis-sachenauston.de\/index.php?rest_route=\/wp\/v2\/pages"}],"about":[{"href":"https:\/\/zis-sachenauston.de\/index.php?rest_route=\/wp\/v2\/types\/page"}],"author":[{"embeddable":true,"href":"https:\/\/zis-sachenauston.de\/index.php?rest_route=\/wp\/v2\/users\/1"}],"replies":[{"embeddable":true,"href":"https:\/\/zis-sachenauston.de\/index.php?rest_route=%2Fwp%2Fv2%2Fcomments&post=1023"}],"version-history":[{"count":14,"href":"https:\/\/zis-sachenauston.de\/index.php?rest_route=\/wp\/v2\/pages\/1023\/revisions"}],"predecessor-version":[{"id":1146,"href":"https:\/\/zis-sachenauston.de\/index.php?rest_route=\/wp\/v2\/pages\/1023\/revisions\/1146"}],"wp:attachment":[{"href":"https:\/\/zis-sachenauston.de\/index.php?rest_route=%2Fwp%2Fv2%2Fmedia&parent=1023"}],"curies":[{"name":"wp","href":"https:\/\/api.w.org\/{rel}","templated":true}]}}